{"id":1232,"date":"2017-01-28T19:27:17","date_gmt":"2017-01-28T18:27:17","guid":{"rendered":"http:\/\/www.sabinerittner.de\/?page_id=1232\/"},"modified":"2017-01-29T14:57:08","modified_gmt":"2017-01-29T13:57:08","slug":"links","status":"publish","type":"page","link":"https:\/\/www.sabinerittner.de\/en\/links\/","title":{"rendered":"Links"},"content":{"rendered":"<hr \/>\n<p><a href=\"http:\/\/www.SabineRittner-Kunst.de\" target=\"_blank\">www.SabineRittner-Kunst.de<\/a><br \/>\nHier bekommen Sie einen kleinen Einblick in mein k\u00fcnstlerisches Schaffen in den Bereichen Malerei, Fotografie, Performance und Kunstkeramik.<\/p>\n<hr \/>\n<p><a href=\"http:\/\/www.medpsych.uni-hd.de\" target=\"_blank\">www.medpsych.uni-hd.de<\/a><br \/>\nDie Webseite des Instituts f\u00fcr Medizinische Psychologie der Universit\u00e4tsklinik Heidelberg (Leitung Prof. Dr. Dipl. Psych. Beate Ditzen), an dem ich seit 1993 als wissenschaftliche Mitarbeiterin t\u00e4tig bin.<\/p>\n<hr \/>\n<p><a href=\"http:\/\/www.medpsych.uni-hd.de\" target=\"_blank\">www.odenwaldinstitut.de<\/a><br \/>\nDas Odenwald-Institut in Wald-Michelbach bei Darmstadt ist eine der gr\u00f6\u00dften Erwachsenen-Bildungseinrichtungen Deutschlands. Die Angebote richten sich sowohl auf pers\u00f6nliches Wachstum als auch berufliche Qualifizierung. Seit 1994 bin ich an diesem wundersch\u00f6nen Ort in der Natur als Dozentin t\u00e4tig und biete jedes Jahr viele unterschiedliche Seminare und Weiterbildungsgruppen an.<\/p>\n<hr \/>\n<p><a href=\"http:\/\/www.medpsych.uni-hd.de\" target=\"_blank\">www.Felicitas-Goodman-Institut.de<\/a><br \/>\nFelicitas Goodman, die ber\u00fchmte Anthropologin und Bewusstseinsforscherin, inspiriert uns mit ihrer Wiederentdeckung der \u201eRituellen K\u00f6rperhaltungen und ekstatischen Trance\u201c\u00ae immer wieder neu. Zur Erforschung, Weitervermittlung und zum Austausch \u00fcber diesen Bewusstseinsschulungs-, Wachstums- und Erkundungsweg haben wir als Netzwerk von Trainerinnen und Seminarleiterinnen das \u201eFelicitas-Goodman-Institut\u201c Deutschland gegr\u00fcndet.<\/p>\n<hr \/>\n<p><a href=\"http:\/\/www.medpsych.uni-hd.de\" target=\"_blank\">www.cuyamungueinstitute.com<\/a><br \/>\n\u201cTransforming consciousness through ritual postures\u201d \u2013 Das amerikanische Institut, das an der Lebens- und Wirkst\u00e4tte von Felicitas Goodman bei Santa Fe\/New Mexico die Arbeit mit den \u201cRituellen K\u00f6rperhaltungen und ekstatischer Trance\u201d weiterf\u00fchrt.<\/p>\n<hr \/>\n<p><a href=\"http:\/\/www.medpsych.uni-hd.de\" target=\"_blank\">www.ifs-europe.net<\/a><br \/>\nSystemische Therapie mit der inneren Familie (Internal Family Systems Therapy) nach Dr. Richard Schwartz<\/p>\n<hr \/>\n<p><a href=\"http:\/\/www.medpsych.uni-hd.de\" target=\"_blank\">www.afrikachor-heidelberg.de<\/a><br \/>\nChormusik aus Afrika vom Feinsten, denn bei dieser Musik bilden Gesang, Rhythmus und Bewegung stets eine Einheit: Lebensfreude pur!<\/p>\n<hr \/>\n<p><a href=\"http:\/\/www.medpsych.uni-hd.de\" target=\"_blank\">www.zauberhaus.de<\/a><br \/>\nHier finden Sie die vielen Seminarangebote, Konzerte und CDs meines Kollegen Herman Kathan mit seiner Percussion-Band \u201eBusch-Werk\u201c. Wir wirken auf immer von neuem inspirierende Weise zusammen bei der \u201eTribal-Trance-Dance-Journey\u201c und im Seminar \u201eKlang-Wege\u201c.<\/p>\n<p>&nbsp;<\/p>","protected":false},"excerpt":{"rendered":"<p>www.SabineRittner-Kunst.de Hier bekommen Sie einen kleinen Einblick in mein k\u00fcnstlerisches Schaffen in den Bereichen Malerei, Fotografie, Performance und Kunstkeramik. www.medpsych.uni-hd.de Die Webseite des Instituts f\u00fcr Medizinische Psychologie der Universit\u00e4tsklinik Heidelberg&hellip; <a class=\"excerpt-more-link\" href=\"https:\/\/www.sabinerittner.de\/en\/links\/\">Read More<\/a><\/p>\n","protected":false},"author":6,"featured_media":0,"parent":0,"menu_order":0,"comment_status":"closed","ping_status":"closed","template":"","meta":{"_acf_changed":false,"footnotes":""},"categories":[],"tags":[],"class_list":["post-1232","page","type-page","status-publish","hentry"],"acf":[],"_links":{"self":[{"href":"https:\/\/www.sabinerittner.de\/en\/wp-json\/wp\/v2\/pages\/1232","targetHints":{"allow":["GET"]}}],"collection":[{"href":"https:\/\/www.sabinerittner.de\/en\/wp-json\/wp\/v2\/pages"}],"about":[{"href":"https:\/\/www.sabinerittner.de\/en\/wp-json\/wp\/v2\/types\/page"}],"author":[{"embeddable":true,"href":"https:\/\/www.sabinerittner.de\/en\/wp-json\/wp\/v2\/users\/6"}],"replies":[{"embeddable":true,"href":"https:\/\/www.sabinerittner.de\/en\/wp-json\/wp\/v2\/comments?post=1232"}],"version-history":[{"count":5,"href":"https:\/\/www.sabinerittner.de\/en\/wp-json\/wp\/v2\/pages\/1232\/revisions"}],"predecessor-version":[{"id":1329,"href":"https:\/\/www.sabinerittner.de\/en\/wp-json\/wp\/v2\/pages\/1232\/revisions\/1329"}],"wp:attachment":[{"href":"https:\/\/www.sabinerittner.de\/en\/wp-json\/wp\/v2\/media?parent=1232"}],"wp:term":[{"taxonomy":"category","embeddable":true,"href":"https:\/\/www.sabinerittner.de\/en\/wp-json\/wp\/v2\/categories?post=1232"},{"taxonomy":"post_tag","embeddable":true,"href":"https:\/\/www.sabinerittner.de\/en\/wp-json\/wp\/v2\/tags?post=1232"}],"curies":[{"name":"wp","href":"https:\/\/api.w.org\/{rel}","templated":true}]}}